{"id":10847,"date":"2023-10-20T21:14:32","date_gmt":"2023-10-20T19:14:32","guid":{"rendered":"https:\/\/vdnshop.cz\/uncategorized\/commemorative-banknote-vaclav-neckar\/"},"modified":"2023-10-20T21:14:32","modified_gmt":"2023-10-20T19:14:32","slug":"commemorative-banknote-vaclav-neckar","status":"publish","type":"product","link":"https:\/\/vdnshop.cz\/en\/commemorative-banknote-vaclav-neckar\/","title":{"rendered":"Commemorative banknote V\u00e1clav Neck\u00e1\u0159"},"content":{"rendered":"<div><strong>Technick\u00e1 specifikace:<\/strong><\/div>\n<div><strong>Form\u00e1t:<\/strong> 170&#215;75 mm<\/div>\n<div><strong>Pap\u00edr:<\/strong> ceninov\u00fd, s vodoznakem lipov\u00fdch l\u00edstk\u016f, 100 g\/m\u00b2 a s ochrann\u00fdmi dvojit\u00fdmi vl\u00e1kny (viditeln\u00e1 modr\u00e1 s modrou fluorescentn\u00ed a neviditeln\u00e1 se zelenou fluorescenc\u00ed v UV sv\u011btle)<\/div>\n<div><strong>Tiskov\u00e1 technika:<\/strong> ofset, hlubotisk, knihtisk, hork\u00e1 ra\u017eba<\/div>\n<div><strong>Barevnost l\u00edc:<\/strong> ofset: 5 barev, (v\u010d. 2 irisov\u00fdch p\u0159echod\u016f), hlubotisk: 1 barva, hork\u00e1 ra\u017eba: zlat\u00e1 metalick\u00e1 f\u00f3lie<\/div>\n<div><strong>Barevnost rub:<\/strong> ofset 5 barev (v\u010detn\u011b 2 irisov\u00fdch p\u0159echod\u016f), knihtisk: 1 barva \u010derven\u00e1 sv\u00edt\u00edc\u00ed pod UV sv\u011btlem \u010derven\u011b<\/div>\n<div><strong>Ochrann\u00e9 prvky: <\/strong>ceninov\u00fd pap\u00edr s vodoznakem a ochrann\u00fdmi vl\u00e1kny, gilo\u0161e, ceninov\u00fd rastr, mikrop\u00edsmo, irisov\u00fd p\u0159echod, barvy viditeln\u00e9 pod UV, \u010d\u00edslov\u00e1n\u00ed technikou knihtisku, hlubotisk<\/div>\n<div><strong>Autor kresby portr\u00e9tu: <\/strong>V\u00e1clav Fajt<\/div>\n<div><strong>Design: <\/strong>Jana Sko\u0159epov\u00e1, Luk\u00e1\u0161 B\u00e1rta<\/div>\n<div><strong> <\/strong><\/div>\n<div><strong>Tisk: St\u00e1tn\u00ed tisk\u00e1rna cenin, s p. <\/strong><\/div>\n<div><strong>Vyd\u00e1v\u00e1: VDN Promo, s. r. o.<\/strong><\/div>\n<div><strong>Datum vyd\u00e1n\u00ed: 23. 10. 2023<\/strong><\/div>\n<div><strong>N\u00e1klad: <\/strong>1943 ks<\/div>\n<div><strong>S\u00e9rie:<\/strong> VN, \u010d\u00edseln\u00e1 \u0159ada 0001-1943<\/div>\n","protected":false},"excerpt":{"rendered":"<p>Pam\u011btn\u00ed list v podob\u011b bankovky k 80.narozenin\u00e1m V\u00e1clava Neck\u00e1\u0159e. L\u00edcov\u00e9 stran\u011b dominuje portr\u00e9t V\u00e1clava Neck\u00e1\u0159e, kter\u00fd ztv\u00e1rnil uzn\u00e1van\u00fd grafik a rytec V\u00e1clav Fajt. Zadn\u00ed strana symbolizuje Va\u0161k\u016fv \u017eivot. Herec, zp\u011bv\u00e1k, pro lidi. Pam\u011btn\u00ed list je vyd\u00e1n v n\u00e1kladu 1943 (rok V\u00e1clava narozen\u00ed), s\u00e9rie VN. Jedn\u00e1 se o nejmen\u0161\u00ed n\u00e1klad mezi pam\u011btn\u00edmi listy v podob\u011b bankovky, kter\u00fd kdy vy\u0161el.<\/p>\n","protected":false},"featured_media":10603,"template":"","meta":[],"product_cat":[112,137,138],"product_tag":[],"class_list":{"0":"post-10847","1":"product","2":"type-product","3":"status-publish","4":"has-post-thumbnail","6":"product_cat-banknotes","7":"product_cat-vaclav-neckar-en","8":"product_cat-vaclav-neckar-banknote","10":"first","11":"instock","12":"taxable","13":"shipping-taxable","14":"purchasable","15":"product-type-simple","16":"layout-style-1","17":"col-md-4 col-sm-4 col-xs-6","18":"col-lg-4","19":"product-style-addtocart"},"_links":{"self":[{"href":"https:\/\/vdnshop.cz\/en\/wp-json\/wp\/v2\/product\/10847"}],"collection":[{"href":"https:\/\/vdnshop.cz\/en\/wp-json\/wp\/v2\/product"}],"about":[{"href":"https:\/\/vdnshop.cz\/en\/wp-json\/wp\/v2\/types\/product"}],"wp:featuredmedia":[{"embeddable":true,"href":"https:\/\/vdnshop.cz\/en\/wp-json\/wp\/v2\/media\/10603"}],"wp:attachment":[{"href":"https:\/\/vdnshop.cz\/en\/wp-json\/wp\/v2\/media?parent=10847"}],"wp:term":[{"taxonomy":"product_cat","embeddable":true,"href":"https:\/\/vdnshop.cz\/en\/wp-json\/wp\/v2\/product_cat?post=10847"},{"taxonomy":"product_tag","embeddable":true,"href":"https:\/\/vdnshop.cz\/en\/wp-json\/wp\/v2\/product_tag?post=10847"}],"curies":[{"name":"wp","href":"https:\/\/api.w.org\/{rel}","templated":true}]}}