{"id":10768,"date":"2024-02-20T11:22:59","date_gmt":"2024-02-20T09:22:59","guid":{"rendered":"https:\/\/vdnshop.cz\/produkt\/marta-kubisova-signed-cd-dvd\/"},"modified":"2024-08-15T19:36:43","modified_gmt":"2024-08-15T17:36:43","slug":"marta-kubisova-signed-cd-dvd","status":"publish","type":"product","link":"https:\/\/vdnshop.cz\/en\/marta-kubisova-signed-cd-dvd\/","title":{"rendered":"Marta Kubi\u0161ov\u00e1 Signed CD\/DVD"},"content":{"rendered":"<p>The CD\/DVD set comes from the last concert of Marta Kubi\u0161ov\u00e1&#8217;s career, which took place in Lucerna in 2017. During the performance at the hopelessly sold-out Lucerna in Prague, not only the greatest hits were featured, but also several songs from her final album Soul, which demonstrated that Marta Kubi\u0161ov\u00e1 still had much to say. Marta and her guests were accompanied by the excellent Petr Mal\u00e1sek band<\/p>\n<p> <strong>DVD:<\/strong> <br \/>1. N\u011bkde mus\u00ed b\u00fdt R\u00e1j hudba: Bohuslav Ondr\u00e1\u010dek, text: Pavel Vrba <br \/>2. Cesta hudba: Jind\u0159ich Brabec, text: Petr Rada <br \/>3. Lampa hudba: Bohuslav Ondr\u00e1\u010dek, text: Pavel Vrba <br \/>4. Ring-o-ding hudba: Bohuslav Ondr\u00e1\u010dek, text: Zden\u011bk Ryt\u00ed\u0159 <br \/>5. S neb\u00fdvalou ochotou hudba: Michael Edwin Hawker, John Francis Schroeder text: Eduard Kre\u010dmar <br \/>6. Dobrodru\u017estv\u00ed s bohem Panem (duet s Luci\u00ed B\u00edlou) hudba: tradi\u010dn\u00ed, text: Milo\u0148 \u010cepelka <br \/>7. Marie, zda v\u00ed\u0161 (Lucie B\u00edl\u00e1) hudba: Lee Rufus Greene III, text: Rad\u016fza <br \/>8. Depe\u0161e\/Nechte zvony zn\u00edt hudba: Karel Svoboda, text: Ivo Ro\u017eek\/Zden\u011bk Ryt\u00ed\u0159 <br \/>9. Nechci b\u00fdt ta druh\u00e1 hudba: Petr Mal\u00e1sek, text: V\u00e1clav Kopta <br \/>10. Te\u010f hudba: David Sola\u0159, text: Jan Schneider <br \/>11. \u017divot nen\u00ed pes (duet s Anetou Langerovou) hudba: Petr Mal\u00e1sek, text: V\u00e1clav Kopta <br \/>12. Voda \u017eiv\u00e1 (Aneta Langerov\u00e1) hudba: Michal Hr\u016fza, text: Michal Hr\u016fza <br \/>13. Vyzn\u00e1n\u00ed hudba: Karel \u0160tolba, text: Marta Skarlandtov\u00e1 <br \/>14. Podej mi ruku a projdem V\u00e1clav\u00e1k (V\u00e1clav Neck\u00e1\u0159) hudba: Jan Neck\u00e1\u0159, text: Michael Prost\u011bjovsk\u00fd <br \/>15. V\u0161echno je jenom jednou (V\u00e1clav Neck\u00e1\u0159) hudba: Ota Pet\u0159ina, tetx: Ladislav Kantor <br \/>16. Odv\u011bk\u00e1 \u017eena hudba: Carole King, Gerry Goffin, Gerald Wexler, text: Pavel Vrba <br \/>17. D\u016fvod m\u00e1m hudba: Burt Bacharach, text: Pavel Vrba <br \/>18. Jesse, poj\u010f sp\u00e1t hudba: Ian Janis, text: V\u00e1clav Kopta <br \/>19. Promi\u0148 hudba: Elton John, text: Luk\u00e1\u0161 Hrabal <br \/>20. A to m\u011b tr\u00e1p\u00ed hudba: Stephen Paul Robson, Jeffrey Steele, text: V\u00e1clav Kopta <br \/>21. Balada o kornetovi a d\u00edvce hudba: Bohuslav Ondr\u00e1\u010dek, text: Zden\u011bk Ryt\u00ed\u0159 <br \/>22. Mam\u00e1 hudba: Sonny Bono, text: Eduard Kre\u010dmar <br \/>23. Nepi\u0161 d\u00e1l hudba: Karel Gott, Ladislav \u0160taidl, text: Rostislav \u010cern\u00fd <br \/>24. Hej, Jude hudba: Paul McCartney, John Lennon, text: Zden\u011bk Ryt\u00ed\u0159 <br \/>25. Magdal\u00e9na hudba: Lubo\u0161 Svoboda, text: Pavla Zacha\u0159ov\u00e1 <br \/>26. Modlitba pro Martu hudba: Jind\u0159ich Brabec, text: Petr Rada <\/p>\n<p><strong>CD:<\/strong> <br \/>1. Cesta hudba: Jind\u0159ich Brabec, text: Petr Rada, 03:35 <br \/>2. Lampa hudba: Bohuslav Ondr\u00e1\u010dek, text: Pavel Vrba, 03:41 <br \/>3. Ring-o-ding hudba: Bohuslav Ondr\u00e1\u010dek, text: Zden\u011bk Ryt\u00ed\u0159, 04:59 <br \/>4. S neb\u00fdvalou ochotou hudba: Michael Edwin Hawker, John Francis Schroeder, text: Eduard Kre\u010dmar, 02:53 <br \/>5. Dobrodru\u017estv\u00ed s bohem Panem (duet s Luci\u00ed B\u00edlou) hudba: tradi\u010dn\u00ed, text: Milo\u0148 \u010cepelka, 02:40 <br \/>6. Depe\u0161e hudba: Karel Svoboda, text: Ivo Ro\u017eek, 01:35 <br \/>7. Nechte zvony zn\u00edt hudba: Karel Svoboda, text: Zden\u011bk Ryt\u00ed\u0159, 02:14 <br \/>8. Nechci b\u00fdt ta druh\u00e1 hudba: Petr Mal\u00e1sek, text: V\u00e1clav Kopta, 05:05 <br \/>9. Te\u010f hudba: David Sola\u0159, text: Jan Schneider, 04:11 <br \/>10. \u017divot nen\u00ed pes (duet s Anetou Langerovou) hudba: Petr Mal\u00e1sek, text: V\u00e1clav Kopta, 04:05 <br \/>11. Vyzn\u00e1n\u00ed hudba: Karel \u0160tolba, text Marta Skarlandtov\u00e1, 02:57 <br \/>12. Podej mi ruku a projdem V\u00e1clav\u00e1k (V\u00e1clav Neck\u00e1\u0159) hudba: Jan Neck\u00e1\u0159, text: Michael Prost\u011bjovsk\u00fd, 04:18 <br \/>13. Odv\u011bk\u00e1 \u017eena hudba: Carole King, Gerry Goffin, Gerald Wexler, text: Pavel Vrba, 03:20 <br \/>14. D\u016fvod m\u00e1m hudba: Burt Bacharach, text: Pavel Vrba, 02:48 <br \/>15. Jesse, poj\u010f sp\u00e1t hudba: Ian Janis, text: V\u00e1clav Kopta, 03:25 <br \/>16. A to m\u011b tr\u00e1p\u00ed hudba: Stephen Paul Robson, Jeffrey Steele, text: V\u00e1clav Kopta, 03:41 <br \/>17. Balada o kornetovi a d\u00edvce hudba: Bohuslav Ondr\u00e1\u010dek, text: Zden\u011bk Ryt\u00ed\u0159, 03:24 <br \/>18. Mam\u00e1 hudba: Sonny Bono, text: Eduard Kre\u010dmar, 03:35 <br \/>19. Nepi\u0161 d\u00e1l hudba: Karel Gott, Ladislav \u0160taidl, text: Rostislav \u010cern\u00fd, 02:48 <br \/>20. Hej, Jude hudba: Paul McCartney, John Lennon, text: Zden\u011bk Ryt\u00ed\u0159, 05:46 <br \/>21. Magdal\u00e9na hudba: Lubo\u0161 Svoboda, text: Pavla Zacha\u0159ov\u00e1, 04:40 <br \/>22. Modlitba pro Martu hudba: Jind\u0159ich Brabec, text: Petr Rada, 03:33<\/p>\n","protected":false},"excerpt":{"rendered":"<p>Due to popular demand in signed items by Marta Kubi\u0161ov\u00e1, we have stocked another signed CD\/DVD from Marta&#8217;s last concert in Lucerna. The signing will take place the week of January 15, 2024, and your items will be shipped immediately. Photos from this signing event will be published.  <\/p>\n","protected":false},"featured_media":10407,"template":"","meta":[],"product_cat":[113,114,115,125,134],"product_tag":[],"class_list":{"0":"post-10768","1":"product","2":"type-product","3":"status-publish","4":"has-post-thumbnail","6":"product_cat-cd-en","7":"product_cat-cd-dvd-art","8":"product_cat-dvd-en","9":"product_cat-marta-kubisova-en","10":"product_cat-signed","12":"first","13":"outofstock","14":"taxable","15":"shipping-taxable","16":"purchasable","17":"product-type-simple","18":"layout-style-1","19":"col-md-4 col-sm-4 col-xs-6","20":"col-lg-4","21":"product-style-addtocart"},"_links":{"self":[{"href":"https:\/\/vdnshop.cz\/en\/wp-json\/wp\/v2\/product\/10768"}],"collection":[{"href":"https:\/\/vdnshop.cz\/en\/wp-json\/wp\/v2\/product"}],"about":[{"href":"https:\/\/vdnshop.cz\/en\/wp-json\/wp\/v2\/types\/product"}],"wp:featuredmedia":[{"embeddable":true,"href":"https:\/\/vdnshop.cz\/en\/wp-json\/wp\/v2\/media\/10407"}],"wp:attachment":[{"href":"https:\/\/vdnshop.cz\/en\/wp-json\/wp\/v2\/media?parent=10768"}],"wp:term":[{"taxonomy":"product_cat","embeddable":true,"href":"https:\/\/vdnshop.cz\/en\/wp-json\/wp\/v2\/product_cat?post=10768"},{"taxonomy":"product_tag","embeddable":true,"href":"https:\/\/vdnshop.cz\/en\/wp-json\/wp\/v2\/product_tag?post=10768"}],"curies":[{"name":"wp","href":"https:\/\/api.w.org\/{rel}","templated":true}]}}