{"id":10765,"date":"2023-09-11T16:30:17","date_gmt":"2023-09-11T14:30:17","guid":{"rendered":"https:\/\/vdnshop.cz\/produkt\/graficky-list-s-vlastnorucnim-podpisem-j-kollera-a-v-fajta\/"},"modified":"2024-08-15T19:16:39","modified_gmt":"2024-08-15T17:16:39","slug":"graficky-list-s-vlastnorucnim-podpisem-j-kollera-a-v-fajta","status":"publish","type":"product","link":"https:\/\/vdnshop.cz\/en\/graficky-list-s-vlastnorucnim-podpisem-j-kollera-a-v-fajta\/","title":{"rendered":"Grafick\u00fd list s vlastnoru\u010dn\u00edm podpisem J. Kollera a V. Fajta"},"content":{"rendered":"<div><strong>Art print<\/strong><\/div>\n<div>Size: 178&#215;250 mm<\/div>\n<div>paper: satin cardboard<\/div>\n<div>Printing technique: steel printing (etching) \u2013 portrait of Jan Koller<\/div>\n<div>Art print is personally signed by Jan Koller and artist V\u00e1clav Fajt<\/div>\n<div><strong><br \/>Cover<\/strong><\/div>\n<div>size unfolded: 480\u00d7250 mm<\/div>\n<div>Size folded: 180\u00d7250 mm<\/div>\n<div>Paper \u2013 quality offset paper<\/div>\n<div>Printing technique: offset, blind embossing<\/div>\n","protected":false},"excerpt":{"rendered":"<p>An art print signed by both Jan Koller and artist V\u00e1clav Fajt. It is an excellent addition to your commemorative banknotes. The art print is enclosed in a beautiful protective cover and hand-numbered by artist V\u00e1clav Fajt. <br \/><strong>Number of copies: 400<br \/><\/strong>200 ks s\u00e9rie J 1\/200<br \/>200 ks s\u00e9rie K 1\/200<br \/>hand-numbered    <\/p>\n","protected":false},"featured_media":10606,"template":"","meta":[],"product_cat":[132,120,122,134],"product_tag":[],"class_list":{"0":"post-10765","1":"product","2":"type-product","3":"status-publish","4":"has-post-thumbnail","6":"product_cat-art-prints","7":"product_cat-jan-koller-en","8":"product_cat-jan-koller-art","9":"product_cat-signed","11":"first","12":"instock","13":"taxable","14":"shipping-taxable","15":"purchasable","16":"product-type-simple","17":"layout-style-1","18":"col-md-4 col-sm-4 col-xs-6","19":"col-lg-4","20":"product-style-addtocart"},"_links":{"self":[{"href":"https:\/\/vdnshop.cz\/en\/wp-json\/wp\/v2\/product\/10765"}],"collection":[{"href":"https:\/\/vdnshop.cz\/en\/wp-json\/wp\/v2\/product"}],"about":[{"href":"https:\/\/vdnshop.cz\/en\/wp-json\/wp\/v2\/types\/product"}],"wp:featuredmedia":[{"embeddable":true,"href":"https:\/\/vdnshop.cz\/en\/wp-json\/wp\/v2\/media\/10606"}],"wp:attachment":[{"href":"https:\/\/vdnshop.cz\/en\/wp-json\/wp\/v2\/media?parent=10765"}],"wp:term":[{"taxonomy":"product_cat","embeddable":true,"href":"https:\/\/vdnshop.cz\/en\/wp-json\/wp\/v2\/product_cat?post=10765"},{"taxonomy":"product_tag","embeddable":true,"href":"https:\/\/vdnshop.cz\/en\/wp-json\/wp\/v2\/product_tag?post=10765"}],"curies":[{"name":"wp","href":"https:\/\/api.w.org\/{rel}","templated":true}]}}